{"id":62,"date":"2021-03-11T22:44:42","date_gmt":"2021-03-11T22:44:42","guid":{"rendered":"https:\/\/sindapoio.com.br\/st\/?page_id=62"},"modified":"2021-03-11T22:44:42","modified_gmt":"2021-03-11T22:44:42","slug":"homologacao","status":"publish","type":"page","link":"https:\/\/sindapoio.com.br\/st\/homologacao\/","title":{"rendered":"Homologa\u00e7\u00e3o"},"content":{"rendered":"<p class=\"style18 style21\" align=\"left\"><strong>\u00a0 \u00a0 \u00a0DOCUMENTOS NESCESS\u00c1RIOS PARA HOMOLOGA\u00c7\u00c3O.<\/strong><\/p>\n<ul type=\"disc\">\n<li class=\"style18\">AVISO PR\u00c9VIO OU PEDIDO DE DEMISS\u00c3O EM 03 (TR\u00caS) VIAS;<\/li>\n<li class=\"style18\">CARTA DE REFER\u00caNCIA;<\/li>\n<li class=\"style18\">CARTA DE PREPOSTO OU CONTRATO SOCIAL;<\/li>\n<li class=\"style18\">RESCIS\u00c3O DE CONTRATO EM 05 (CINCO) VIAS ORIGINAIS.<\/li>\n<li class=\"style18\">CTPS ATUALIZADA;<\/li>\n<li class=\"style18\">LIVRO OU FICHA DE REGISTRO DE EMPREGADOS ATUALIZADOS;<\/li>\n<li class=\"style18\">EXTRATO DE FGTS ATUALIZADO;<\/li>\n<li class=\"style18\">A.A.S (ATESTADO DE AFASTAMENTO DE SAL\u00c1RIOS) DOS \u00daLTIMOS 24 (VINTE QUATRO MESES) OU PER\u00cdODO TRABALHADO;<\/li>\n<li class=\"style18\">GUIAS DE SEGURO DESEMPREGO PARA OS QUE TENHAM SIDO DEMITIDOS SEM JUSTA CAUSA;<\/li>\n<li class=\"style18\">PAGAMENTO EM CHEQUE, DEP\u00d3SITO OU EM DINHEIRO CONFORME O ART. 477 DA CLT;<\/li>\n<li class=\"style18\">A.S.O ATESTADO DE SA\u00daDE DEMISSIONAL EM 03 (TR\u00caS) VIAS;<\/li>\n<li class=\"style18\">APRESENTA\u00c7\u00c3O DA CHAVE DE LIBERA\u00c7\u00c3O DO FGTS (CHAVE DE CONECTIVIDADE) EM 03 VIAS;<\/li>\n<li class=\"style18\">PAGAMENTO EM CHEQUE NA SEXTA E V\u00c9SPERA DE FERIADOS, S\u00d3 SER\u00c1 EFETUADO AT\u00c9 AS 11:00 HORAS;<\/li>\n<li class=\"style18\">FGTS M\u00caS DA RESCIS\u00c3O E O ANTERIOR DEVER\u00c3O SER DEPOSITADOS NA CONTA VINCULADA DO FGTS DO TRABALHADOR, DE ACORDO COM DEMISS\u00d5ES POR DISPENSA SEM JUSTA CAUSA, O VALOR RELATIVO \u00c0 IMPORTANCIA DOS 50% DO FGTS LEI 9491\/97 E CIRCULAR N\u00ba 116 DE 23\/12\/97, DOU 01 DO DIA 31\/12\/97 EM TR\u00caS VIAS.<\/li>\n<li class=\"style18\">HOMOLOGA\u00c7\u00d5ES EM DIA DE SEXTA FEIRA SOMENTE AT\u00c9 11:00 HORAS.<\/li>\n<\/ul>\n","protected":false},"excerpt":{"rendered":"<p>\u00a0 \u00a0 \u00a0DOCUMENTOS NESCESS\u00c1RIOS PARA HOMOLOGA\u00c7\u00c3O. AVISO&#46;&#46;&#46;<\/p>\n","protected":false},"author":1,"featured_media":0,"parent":0,"menu_order":0,"comment_status":"closed","ping_status":"closed","template":"","meta":{"footnotes":""},"class_list":["post-62","page","type-page","status-publish","hentry"],"_links":{"self":[{"href":"https:\/\/sindapoio.com.br\/st\/wp-json\/wp\/v2\/pages\/62","targetHints":{"allow":["GET"]}}],"collection":[{"href":"https:\/\/sindapoio.com.br\/st\/wp-json\/wp\/v2\/pages"}],"about":[{"href":"https:\/\/sindapoio.com.br\/st\/wp-json\/wp\/v2\/types\/page"}],"author":[{"embeddable":true,"href":"https:\/\/sindapoio.com.br\/st\/wp-json\/wp\/v2\/users\/1"}],"replies":[{"embeddable":true,"href":"https:\/\/sindapoio.com.br\/st\/wp-json\/wp\/v2\/comments?post=62"}],"version-history":[{"count":1,"href":"https:\/\/sindapoio.com.br\/st\/wp-json\/wp\/v2\/pages\/62\/revisions"}],"predecessor-version":[{"id":63,"href":"https:\/\/sindapoio.com.br\/st\/wp-json\/wp\/v2\/pages\/62\/revisions\/63"}],"wp:attachment":[{"href":"https:\/\/sindapoio.com.br\/st\/wp-json\/wp\/v2\/media?parent=62"}],"curies":[{"name":"wp","href":"https:\/\/api.w.org\/{rel}","templated":true}]}}