{"id":52,"date":"2021-03-11T22:22:17","date_gmt":"2021-03-11T22:22:17","guid":{"rendered":"https:\/\/sindapoio.com.br\/st\/?page_id=52"},"modified":"2021-03-19T09:35:45","modified_gmt":"2021-03-19T12:35:45","slug":"convenios","status":"publish","type":"page","link":"https:\/\/sindapoio.com.br\/st\/convenios\/","title":{"rendered":"Conv\u00eanios"},"content":{"rendered":"<p class=\"style18\" align=\"justify\"><img loading=\"lazy\" decoding=\"async\" class=\"alignnone  wp-image-144\" src=\"https:\/\/sindapoio.com.br\/st\/wp-content\/uploads\/2021\/03\/convenios-e1616157259189-300x139.jpg\" alt=\"\" width=\"622\" height=\"288\" srcset=\"https:\/\/sindapoio.com.br\/st\/wp-content\/uploads\/2021\/03\/convenios-e1616157259189-300x139.jpg 300w, https:\/\/sindapoio.com.br\/st\/wp-content\/uploads\/2021\/03\/convenios-e1616157259189-1024x475.jpg 1024w, https:\/\/sindapoio.com.br\/st\/wp-content\/uploads\/2021\/03\/convenios-e1616157259189-768x357.jpg 768w, https:\/\/sindapoio.com.br\/st\/wp-content\/uploads\/2021\/03\/convenios-e1616157259189.jpg 1038w\" sizes=\"auto, (max-width: 622px) 100vw, 622px\" \/><\/p>\n<p class=\"style18\" align=\"justify\"><strong><span class=\"style28\">EST\u00c9TICA<\/span><\/strong><\/p>\n<p class=\"style18\" align=\"justify\"><span class=\"style25\">Tratamentos Faciais e Corporais<br \/>\nContato 3321-7599, 3224-3808 ou 9983-4318<\/span><\/p>\n<p class=\"style18\" align=\"justify\"><strong>RADIOLOGIA<\/strong><\/p>\n<p>Cl\u00ednica Radiol\u00f3gica 3224-3361<br \/>\nSa\u00fade Cl\u00ednica de Imagens M\u00e9dicas 3561-2252 ou 3563-3111<\/p>\n<p class=\"style18\" align=\"justify\">Diagn\u00f3stico Cl\u00ednica de Imagens M\u00e9dicas 3451-2200<\/p>\n<p class=\"style18\" align=\"justify\"><strong>LABORAT\u00d3RIOS<\/strong><\/p>\n<p class=\"style18\" align=\"justify\">Laborat\u00f3rio Vital Brasil 3561-4377 ou 3351-0007<br \/>\nLaborat\u00f3rio Santa Paula 3223-5833 ou 3223-5659<\/p>\n<p class=\"style18\" align=\"justify\"><span class=\"style25\"><strong>FONOAUDI\u00d3LOGA<\/strong><\/span><\/p>\n<p>Comunic Arte 3274-6692<\/p>\n<p class=\"style18\" align=\"justify\"><span class=\"style25\"><strong>ANGIOLOGIA<\/strong><\/span><\/p>\n<p>Dr.\u00aa Rita 3345-6568<\/p>\n<p><strong>PSICOLOGIA<\/strong><\/p>\n<p>Dr.\u00aa Let\u00edcia 8121-5399<\/p>\n<p class=\"style18\" align=\"justify\"><span class=\"style28\">CASA M\u00c9DICA PRODUTO<\/span>S HOSPITALAR<\/p>\n<p class=\"style18\" align=\"justify\"><span class=\"style25\">SHCN QD. 316 Bloco a Ljas 17\/19 T\u00e9rreo Asa Norte<\/span><\/p>\n<p class=\"style18\" align=\"justify\"><span class=\"style25\"><strong>INFORM\u00c1TICA<\/strong><\/span><\/p>\n<p class=\"style18\" align=\"justify\"><span class=\"style25\">GRIAULE 3273-4724<\/span><\/p>\n<p class=\"style18\" align=\"justify\"><span class=\"style28\">CURSOS PROFISSIONALIZANTES<\/span><\/p>\n<p class=\"style18\" align=\"justify\"><span class=\"style25\">Microlins &#8211; Centro de Forma\u00e7\u00e3o Profissional<\/span><\/p>\n<p class=\"style18\" align=\"justify\"><span class=\"style28\">\u00d3TICA<\/span><\/p>\n<p class=\"style18\" align=\"justify\"><span class=\"style25\">\u00d3TICA REQUINTH 3434-3900 OU 3434-5943<\/span><\/p>\n<p class=\"style18\" align=\"justify\"><span class=\"style25\"><strong>CLUBE DOS COMERCI\u00c1RIOS<\/strong> &#8211; Est\u00e1 situado na Faze<\/span>nda Ponte Alta Norte n\u00ba 25 &#8211; N\u00facleo Rural Casa Grande &#8211; Recanto das Emas (pr\u00f3ximo ao clube dos correios \u00e0 1000 metros da BR). Maiores informa\u00e7\u00f5es 3404-0851.<\/p>\n<p class=\"style18\" align=\"justify\"><span class=\"style25\">Obs.: Para associar-se voc\u00ea precisa estar com a CTPS registrada, cadastrar-se junto ao sindicato SINDAPOIO. O associado pagar\u00e1 R$ 17,00 valor da mensalidade sindical.<\/span><\/p>\n<p class=\"style18 style30\" align=\"center\"><span class=\"style31\">SINDICALIZE-SE J\u00c1!<\/span><br \/>\n<span class=\"style32\">3321-7599 \/ 3964-7598<\/span><\/p>\n","protected":false},"excerpt":{"rendered":"<p>EST\u00c9TICA Tratamentos Faciais e Corporais Contato 3321-7599,&#46;&#46;&#46;<\/p>\n","protected":false},"author":1,"featured_media":0,"parent":0,"menu_order":0,"comment_status":"closed","ping_status":"closed","template":"","meta":{"footnotes":""},"class_list":["post-52","page","type-page","status-publish","hentry"],"_links":{"self":[{"href":"https:\/\/sindapoio.com.br\/st\/wp-json\/wp\/v2\/pages\/52","targetHints":{"allow":["GET"]}}],"collection":[{"href":"https:\/\/sindapoio.com.br\/st\/wp-json\/wp\/v2\/pages"}],"about":[{"href":"https:\/\/sindapoio.com.br\/st\/wp-json\/wp\/v2\/types\/page"}],"author":[{"embeddable":true,"href":"https:\/\/sindapoio.com.br\/st\/wp-json\/wp\/v2\/users\/1"}],"replies":[{"embeddable":true,"href":"https:\/\/sindapoio.com.br\/st\/wp-json\/wp\/v2\/comments?post=52"}],"version-history":[{"count":4,"href":"https:\/\/sindapoio.com.br\/st\/wp-json\/wp\/v2\/pages\/52\/revisions"}],"predecessor-version":[{"id":146,"href":"https:\/\/sindapoio.com.br\/st\/wp-json\/wp\/v2\/pages\/52\/revisions\/146"}],"wp:attachment":[{"href":"https:\/\/sindapoio.com.br\/st\/wp-json\/wp\/v2\/media?parent=52"}],"curies":[{"name":"wp","href":"https:\/\/api.w.org\/{rel}","templated":true}]}}