{"id":105,"date":"2021-03-13T18:22:23","date_gmt":"2021-03-13T18:22:23","guid":{"rendered":"https:\/\/sindapoio.com.br\/st\/?page_id=105"},"modified":"2021-03-13T18:23:11","modified_gmt":"2021-03-13T18:23:11","slug":"assistencia-odontologica","status":"publish","type":"page","link":"https:\/\/sindapoio.com.br\/st\/assistencia-odontologica\/","title":{"rendered":"Assist\u00eancia Odontol\u00f3gica"},"content":{"rendered":"<p><img loading=\"lazy\" decoding=\"async\" class=\"wp-image-106 aligncenter\" src=\"https:\/\/sindapoio.com.br\/st\/wp-content\/uploads\/2021\/03\/odonto-300x117.png\" alt=\"\" width=\"751\" height=\"293\" srcset=\"https:\/\/sindapoio.com.br\/st\/wp-content\/uploads\/2021\/03\/odonto-300x117.png 300w, https:\/\/sindapoio.com.br\/st\/wp-content\/uploads\/2021\/03\/odonto.png 637w\" sizes=\"auto, (max-width: 751px) 100vw, 751px\" \/><\/p>\n<p>&nbsp;<\/p>\n<p>Os atendimentos s\u00e3o feitos no\u00a0<strong>SINDICOM DF<\/strong>, no SCS ou TAGUATINGA, com valores bem abaixo das tabelas de mercado, o or\u00e7amento \u00e9 gratuito, telefones para marca\u00e7\u00e3o 3224-3808 3351-9170.<\/p>\n<p>Atendimentos nas especialidades de ODONTOPEDIATRIA, DENT\u00cdSTICA, ENDODONTIA, PERIODONTIA, ORTODONTIA, IMPLANTODONTIA, CIRURGIA E PREVEN\u00c7\u00c2O, no\u00a0<strong>CENTRO INTEGRADO DE DIAGN\u00d3STICO E REABILITA\u00c7\u00c3O ORAL LTDA<\/strong>, situada no SEPS 707\/907 Conjunto E Edif\u00edcio San Marino Sala 128 Fone:3224-6254<\/p>\n","protected":false},"excerpt":{"rendered":"<p>&nbsp; Os atendimentos s\u00e3o feitos no\u00a0SINDICOM DF,&#46;&#46;&#46;<\/p>\n","protected":false},"author":1,"featured_media":0,"parent":0,"menu_order":0,"comment_status":"closed","ping_status":"closed","template":"","meta":{"footnotes":""},"class_list":["post-105","page","type-page","status-publish","hentry"],"_links":{"self":[{"href":"https:\/\/sindapoio.com.br\/st\/wp-json\/wp\/v2\/pages\/105","targetHints":{"allow":["GET"]}}],"collection":[{"href":"https:\/\/sindapoio.com.br\/st\/wp-json\/wp\/v2\/pages"}],"about":[{"href":"https:\/\/sindapoio.com.br\/st\/wp-json\/wp\/v2\/types\/page"}],"author":[{"embeddable":true,"href":"https:\/\/sindapoio.com.br\/st\/wp-json\/wp\/v2\/users\/1"}],"replies":[{"embeddable":true,"href":"https:\/\/sindapoio.com.br\/st\/wp-json\/wp\/v2\/comments?post=105"}],"version-history":[{"count":2,"href":"https:\/\/sindapoio.com.br\/st\/wp-json\/wp\/v2\/pages\/105\/revisions"}],"predecessor-version":[{"id":108,"href":"https:\/\/sindapoio.com.br\/st\/wp-json\/wp\/v2\/pages\/105\/revisions\/108"}],"wp:attachment":[{"href":"https:\/\/sindapoio.com.br\/st\/wp-json\/wp\/v2\/media?parent=105"}],"curies":[{"name":"wp","href":"https:\/\/api.w.org\/{rel}","templated":true}]}}